{"id":29414,"date":"2024-12-07T11:44:07","date_gmt":"2024-12-07T14:44:07","guid":{"rendered":"https:\/\/pipabroward.org\/?page_id=29414"},"modified":"2026-03-03T18:17:59","modified_gmt":"2026-03-03T21:17:59","slug":"adventures-in-portuguese","status":"publish","type":"page","link":"https:\/\/pipabroward.org\/en\/adventures-in-portuguese\/","title":{"rendered":"Adventures in Portuguese"},"content":{"rendered":"<div data-elementor-type=\"wp-page\" data-elementor-id=\"29414\" class=\"elementor elementor-29414\">\n\t\t\t\t\t\t<section class=\"elementor-section elementor-top-section elementor-element elementor-element-76efdcf elementor-section-boxed elementor-section-height-default elementor-section-height-default sc_fly_static\" data-id=\"76efdcf\" data-element_type=\"section\" data-e-type=\"section\">\n\t\t\t\t\t\t<div class=\"elementor-container elementor-column-gap-extended\">\n\t\t\t\t\t<div class=\"elementor-column elementor-col-50 elementor-top-column elementor-element elementor-element-1ef18f3 sc_inner_width_none sc_content_align_inherit sc_layouts_column_icons_position_left sc_fly_static\" data-id=\"1ef18f3\" data-element_type=\"column\" data-e-type=\"column\">\n\t\t\t<div class=\"elementor-widget-wrap elementor-element-populated\">\n\t\t\t\t\t\t<div class=\"elementor-element elementor-element-3d1cfac sc_fly_static elementor-widget elementor-widget-spacer\" data-id=\"3d1cfac\" data-element_type=\"widget\" data-e-type=\"widget\" data-widget_type=\"spacer.default\">\n\t\t\t\t<div class=\"elementor-widget-container\">\n\t\t\t\t\t\t\t<div class=\"elementor-spacer\">\n\t\t\t<div class=\"elementor-spacer-inner\"><\/div>\n\t\t<\/div>\n\t\t\t\t\t\t<\/div>\n\t\t\t\t<\/div>\n\t\t\t\t<div class=\"elementor-element elementor-element-0ce839b sc_fly_static elementor-widget elementor-widget-spacer\" data-id=\"0ce839b\" data-element_type=\"widget\" data-e-type=\"widget\" data-widget_type=\"spacer.default\">\n\t\t\t\t<div class=\"elementor-widget-container\">\n\t\t\t\t\t\t\t<div class=\"elementor-spacer\">\n\t\t\t<div class=\"elementor-spacer-inner\"><\/div>\n\t\t<\/div>\n\t\t\t\t\t\t<\/div>\n\t\t\t\t<\/div>\n\t\t\t\t<div class=\"elementor-element elementor-element-8c891d5 sc_fly_static elementor-widget elementor-widget-image\" data-id=\"8c891d5\" data-element_type=\"widget\" data-e-type=\"widget\" data-widget_type=\"image.default\">\n\t\t\t\t<div class=\"elementor-widget-container\">\n\t\t\t\t\t\t\t\t\t\t\t\t\t\t\t<img fetchpriority=\"high\" decoding=\"async\" width=\"240\" height=\"300\" src=\"https:\/\/pipabroward.org\/wp-content\/uploads\/2025\/11\/Design-sem-nome-4-240x300.png\" class=\"attachment-medium size-medium wp-image-30400\" alt=\"\" srcset=\"https:\/\/pipabroward.org\/wp-content\/uploads\/2025\/11\/Design-sem-nome-4-240x300.png 240w, https:\/\/pipabroward.org\/wp-content\/uploads\/2025\/11\/Design-sem-nome-4-819x1024.png 819w, https:\/\/pipabroward.org\/wp-content\/uploads\/2025\/11\/Design-sem-nome-4-768x960.png 768w, https:\/\/pipabroward.org\/wp-content\/uploads\/2025\/11\/Design-sem-nome-4-10x12.png 10w, https:\/\/pipabroward.org\/wp-content\/uploads\/2025\/11\/Design-sem-nome-4-370x463.png 370w, https:\/\/pipabroward.org\/wp-content\/uploads\/2025\/11\/Design-sem-nome-4-840x1050.png 840w, https:\/\/pipabroward.org\/wp-content\/uploads\/2025\/11\/Design-sem-nome-4-410x513.png 410w, https:\/\/pipabroward.org\/wp-content\/uploads\/2025\/11\/Design-sem-nome-4.png 1080w\" sizes=\"(max-width: 240px) 100vw, 240px\" \/>\t\t\t\t\t\t\t\t\t\t\t\t\t\t\t<\/div>\n\t\t\t\t<\/div>\n\t\t\t\t\t<\/div>\n\t\t<\/div>\n\t\t\t\t<div class=\"elementor-column elementor-col-50 elementor-top-column elementor-element elementor-element-9d49b50 sc_inner_width_none sc_content_align_inherit sc_layouts_column_icons_position_left sc_fly_static\" data-id=\"9d49b50\" data-element_type=\"column\" data-e-type=\"column\">\n\t\t\t<div class=\"elementor-widget-wrap elementor-element-populated\">\n\t\t\t\t\t\t<div class=\"elementor-element elementor-element-7616158 elementor-widget-tablet__width-initial sc_fly_static elementor-widget elementor-widget-text-editor\" data-id=\"7616158\" data-element_type=\"widget\" data-e-type=\"widget\" data-widget_type=\"text-editor.default\">\n\t\t\t\t<div class=\"elementor-widget-container\">\n\t\t\t\t\t\t\t\t\t<p>\u00a0<\/p><p>O <strong>Programa Adventures in Portuguese<\/strong> oferece aulas extracurriculares de Portugu\u00eas para o desenvolvimento da l\u00edngua portuguesa como l\u00edngua de heran\u00e7a e conhecimento geral da cultura Brasileira. Atualmente e oferecido na escola <strong>Gator Run Elementary<\/strong> em Weston e a inten\u00e7\u00e3o eh expandir para outras escolas do condado de Broward.<\/p><p>Alunos de K a 5th grade aprendem a l\u00edngua Portuguesa e cultura Brasileira de uma forma l\u00fadica e envolvente transformando os encontros em uma aventura cativante!<\/p><p>Entre em contato com <strong>gabriela.eckersdorff@browardschools.com<\/strong> caso tenha interesse em implementar o<strong> Adventures in Portuguese<\/strong> na sua escola. Acesse o Instagram do programa <strong>@adventure_in_portuguese<\/strong> para ver fotos, v\u00eddeos e muita divers\u00e3o.<\/p>\t\t\t\t\t\t\t\t<\/div>\n\t\t\t\t<\/div>\n\t\t\t\t\t<\/div>\n\t\t<\/div>\n\t\t\t\t\t<\/div>\n\t\t<\/section>\n\t\t\t\t<section class=\"elementor-section elementor-top-section elementor-element elementor-element-1ecf881 elementor-section-boxed elementor-section-height-default elementor-section-height-default sc_fly_static\" data-id=\"1ecf881\" data-element_type=\"section\" data-e-type=\"section\">\n\t\t\t\t\t\t<div class=\"elementor-container elementor-column-gap-extended\">\n\t\t\t\t\t<div class=\"elementor-column elementor-col-100 elementor-top-column elementor-element elementor-element-d4c7f4b sc_inner_width_none sc_content_align_inherit sc_layouts_column_icons_position_left sc_fly_static\" data-id=\"d4c7f4b\" data-element_type=\"column\" data-e-type=\"column\">\n\t\t\t<div class=\"elementor-widget-wrap elementor-element-populated\">\n\t\t\t\t\t\t<div class=\"elementor-element elementor-element-5d7b0a9 sc_fly_static elementor-widget elementor-widget-spacer\" data-id=\"5d7b0a9\" data-element_type=\"widget\" data-e-type=\"widget\" data-widget_type=\"spacer.default\">\n\t\t\t\t<div class=\"elementor-widget-container\">\n\t\t\t\t\t\t\t<div class=\"elementor-spacer\">\n\t\t\t<div class=\"elementor-spacer-inner\"><\/div>\n\t\t<\/div>\n\t\t\t\t\t\t<\/div>\n\t\t\t\t<\/div>\n\t\t\t\t<div class=\"elementor-element elementor-element-e26fbd7 sc_fly_static elementor-widget elementor-widget-image\" data-id=\"e26fbd7\" data-element_type=\"widget\" data-e-type=\"widget\" data-widget_type=\"image.default\">\n\t\t\t\t<div class=\"elementor-widget-container\">\n\t\t\t\t\t\t\t\t\t\t\t\t\t\t\t<img decoding=\"async\" width=\"1290\" height=\"725\" src=\"https:\/\/pipabroward.org\/wp-content\/uploads\/2025\/11\/White-Modern-Aesthetic-Summer-Photo-Collage-Banner-1-1290x725.png\" class=\"attachment-heart-thumb-huge size-heart-thumb-huge wp-image-30399\" alt=\"\" srcset=\"https:\/\/pipabroward.org\/wp-content\/uploads\/2025\/11\/White-Modern-Aesthetic-Summer-Photo-Collage-Banner-1-1290x725.png 1290w, https:\/\/pipabroward.org\/wp-content\/uploads\/2025\/11\/White-Modern-Aesthetic-Summer-Photo-Collage-Banner-1-18x9.png 18w, https:\/\/pipabroward.org\/wp-content\/uploads\/2025\/11\/White-Modern-Aesthetic-Summer-Photo-Collage-Banner-1-840x473.png 840w, https:\/\/pipabroward.org\/wp-content\/uploads\/2025\/11\/White-Modern-Aesthetic-Summer-Photo-Collage-Banner-1-410x230.png 410w, https:\/\/pipabroward.org\/wp-content\/uploads\/2025\/11\/White-Modern-Aesthetic-Summer-Photo-Collage-Banner-1-270x152.png 270w\" sizes=\"(max-width: 1290px) 100vw, 1290px\" \/>\t\t\t\t\t\t\t\t\t\t\t\t\t\t\t<\/div>\n\t\t\t\t<\/div>\n\t\t\t\t\t<\/div>\n\t\t<\/div>\n\t\t\t\t\t<\/div>\n\t\t<\/section>\n\t\t\t\t<\/div>","protected":false},"excerpt":{"rendered":"<p>\u00a0 O Programa Adventures in Portuguese oferece aulas extracurriculares de Portugu\u00eas para o desenvolvimento da l\u00edngua portuguesa como l\u00edngua de heran\u00e7a e conhecimento geral da cultura Brasileira. Atualmente e oferecido&hellip;<\/p>","protected":false},"author":1,"featured_media":0,"parent":0,"menu_order":0,"comment_status":"closed","ping_status":"closed","template":"","meta":{"give_campaign_id":0,"_joinchat":[],"footnotes":""},"class_list":["post-29414","page","type-page","status-publish","hentry"],"yoast_head":"<!-- This site is optimized with the Yoast SEO plugin v26.3 - https:\/\/yoast.com\/wordpress\/plugins\/seo\/ -->\n<title>Adventures in Portuguese - PIPA BROWARD<\/title>\n<meta name=\"robots\" content=\"index, follow, max-snippet:-1, max-image-preview:large, max-video-preview:-1\" \/>\n<link rel=\"canonical\" href=\"https:\/\/pipabroward.org\/en\/adventures-in-portuguese\/\" \/>\n<meta property=\"og:locale\" content=\"en_US\" \/>\n<meta property=\"og:type\" content=\"article\" \/>\n<meta property=\"og:title\" content=\"Adventures in Portuguese - PIPA BROWARD\" \/>\n<meta property=\"og:description\" content=\"\u00a0 O Programa Adventures in Portuguese oferece aulas extracurriculares de Portugu\u00eas para o desenvolvimento da l\u00edngua portuguesa como l\u00edngua de heran\u00e7a e conhecimento geral da cultura Brasileira. Atualmente e oferecido&hellip;\" \/>\n<meta property=\"og:url\" content=\"https:\/\/pipabroward.org\/en\/adventures-in-portuguese\/\" \/>\n<meta property=\"og:site_name\" content=\"PIPA BROWARD\" \/>\n<meta property=\"article:modified_time\" content=\"2026-03-03T21:17:59+00:00\" \/>\n<meta property=\"og:image\" content=\"https:\/\/pipabroward.org\/wp-content\/uploads\/2025\/11\/Design-sem-nome-4.png\" \/>\n\t<meta property=\"og:image:width\" content=\"1080\" \/>\n\t<meta property=\"og:image:height\" content=\"1350\" \/>\n\t<meta property=\"og:image:type\" content=\"image\/png\" \/>\n<meta name=\"twitter:card\" content=\"summary_large_image\" \/>\n<meta name=\"twitter:label1\" content=\"Est. reading time\" \/>\n\t<meta name=\"twitter:data1\" content=\"1 minute\" \/>\n<script type=\"application\/ld+json\" class=\"yoast-schema-graph\">{\"@context\":\"https:\/\/schema.org\",\"@graph\":[{\"@type\":\"WebPage\",\"@id\":\"https:\/\/pipabroward.org\/adventures-in-portuguese\/\",\"url\":\"https:\/\/pipabroward.org\/adventures-in-portuguese\/\",\"name\":\"Adventures in Portuguese - PIPA BROWARD\",\"isPartOf\":{\"@id\":\"https:\/\/pipabroward.org\/#website\"},\"primaryImageOfPage\":{\"@id\":\"https:\/\/pipabroward.org\/adventures-in-portuguese\/#primaryimage\"},\"image\":{\"@id\":\"https:\/\/pipabroward.org\/adventures-in-portuguese\/#primaryimage\"},\"thumbnailUrl\":\"https:\/\/pipabroward.org\/wp-content\/uploads\/2025\/11\/Design-sem-nome-4-240x300.png\",\"datePublished\":\"2024-12-07T14:44:07+00:00\",\"dateModified\":\"2026-03-03T21:17:59+00:00\",\"breadcrumb\":{\"@id\":\"https:\/\/pipabroward.org\/adventures-in-portuguese\/#breadcrumb\"},\"inLanguage\":\"en-US\",\"potentialAction\":[{\"@type\":\"ReadAction\",\"target\":[\"https:\/\/pipabroward.org\/adventures-in-portuguese\/\"]}]},{\"@type\":\"ImageObject\",\"inLanguage\":\"en-US\",\"@id\":\"https:\/\/pipabroward.org\/adventures-in-portuguese\/#primaryimage\",\"url\":\"https:\/\/pipabroward.org\/wp-content\/uploads\/2025\/11\/Design-sem-nome-4-240x300.png\",\"contentUrl\":\"https:\/\/pipabroward.org\/wp-content\/uploads\/2025\/11\/Design-sem-nome-4-240x300.png\"},{\"@type\":\"BreadcrumbList\",\"@id\":\"https:\/\/pipabroward.org\/adventures-in-portuguese\/#breadcrumb\",\"itemListElement\":[{\"@type\":\"ListItem\",\"position\":1,\"name\":\"In\u00edcio\",\"item\":\"https:\/\/pipabroward.org\/\"},{\"@type\":\"ListItem\",\"position\":2,\"name\":\"Adventures in Portuguese\"}]},{\"@type\":\"WebSite\",\"@id\":\"https:\/\/pipabroward.org\/#website\",\"url\":\"https:\/\/pipabroward.org\/\",\"name\":\"PIPA BROWARD\",\"description\":\"Promovendo o bilinguismo e a cultura brasileira em Broward\",\"publisher\":{\"@id\":\"https:\/\/pipabroward.org\/#organization\"},\"potentialAction\":[{\"@type\":\"SearchAction\",\"target\":{\"@type\":\"EntryPoint\",\"urlTemplate\":\"https:\/\/pipabroward.org\/?s={search_term_string}\"},\"query-input\":{\"@type\":\"PropertyValueSpecification\",\"valueRequired\":true,\"valueName\":\"search_term_string\"}}],\"inLanguage\":\"en-US\"},{\"@type\":\"Organization\",\"@id\":\"https:\/\/pipabroward.org\/#organization\",\"name\":\"PIPA BROWARD\",\"url\":\"https:\/\/pipabroward.org\/\",\"logo\":{\"@type\":\"ImageObject\",\"inLanguage\":\"en-US\",\"@id\":\"https:\/\/pipabroward.org\/#\/schema\/logo\/image\/\",\"url\":\"https:\/\/pipabroward.org\/wp-content\/uploads\/2024\/09\/pipa.png\",\"contentUrl\":\"https:\/\/pipabroward.org\/wp-content\/uploads\/2024\/09\/pipa.png\",\"width\":1131,\"height\":339,\"caption\":\"PIPA BROWARD\"},\"image\":{\"@id\":\"https:\/\/pipabroward.org\/#\/schema\/logo\/image\/\"},\"sameAs\":[\"https:\/\/www.instagram.com\/pipa_broward\/\"]}]}<\/script>\n<!-- \/ Yoast SEO plugin. -->","yoast_head_json":{"title":"Adventures in Portuguese - PIPA BROWARD","robots":{"index":"index","follow":"follow","max-snippet":"max-snippet:-1","max-image-preview":"max-image-preview:large","max-video-preview":"max-video-preview:-1"},"canonical":"https:\/\/pipabroward.org\/en\/adventures-in-portuguese\/","og_locale":"en_US","og_type":"article","og_title":"Adventures in Portuguese - PIPA BROWARD","og_description":"\u00a0 O Programa Adventures in Portuguese oferece aulas extracurriculares de Portugu\u00eas para o desenvolvimento da l\u00edngua portuguesa como l\u00edngua de heran\u00e7a e conhecimento geral da cultura Brasileira. Atualmente e oferecido&hellip;","og_url":"https:\/\/pipabroward.org\/en\/adventures-in-portuguese\/","og_site_name":"PIPA BROWARD","article_modified_time":"2026-03-03T21:17:59+00:00","og_image":[{"width":1080,"height":1350,"url":"https:\/\/pipabroward.org\/wp-content\/uploads\/2025\/11\/Design-sem-nome-4.png","type":"image\/png"}],"twitter_card":"summary_large_image","twitter_misc":{"Est. reading time":"1 minute"},"schema":{"@context":"https:\/\/schema.org","@graph":[{"@type":"WebPage","@id":"https:\/\/pipabroward.org\/adventures-in-portuguese\/","url":"https:\/\/pipabroward.org\/adventures-in-portuguese\/","name":"Adventures in Portuguese - PIPA BROWARD","isPartOf":{"@id":"https:\/\/pipabroward.org\/#website"},"primaryImageOfPage":{"@id":"https:\/\/pipabroward.org\/adventures-in-portuguese\/#primaryimage"},"image":{"@id":"https:\/\/pipabroward.org\/adventures-in-portuguese\/#primaryimage"},"thumbnailUrl":"https:\/\/pipabroward.org\/wp-content\/uploads\/2025\/11\/Design-sem-nome-4-240x300.png","datePublished":"2024-12-07T14:44:07+00:00","dateModified":"2026-03-03T21:17:59+00:00","breadcrumb":{"@id":"https:\/\/pipabroward.org\/adventures-in-portuguese\/#breadcrumb"},"inLanguage":"en-US","potentialAction":[{"@type":"ReadAction","target":["https:\/\/pipabroward.org\/adventures-in-portuguese\/"]}]},{"@type":"ImageObject","inLanguage":"en-US","@id":"https:\/\/pipabroward.org\/adventures-in-portuguese\/#primaryimage","url":"https:\/\/pipabroward.org\/wp-content\/uploads\/2025\/11\/Design-sem-nome-4-240x300.png","contentUrl":"https:\/\/pipabroward.org\/wp-content\/uploads\/2025\/11\/Design-sem-nome-4-240x300.png"},{"@type":"BreadcrumbList","@id":"https:\/\/pipabroward.org\/adventures-in-portuguese\/#breadcrumb","itemListElement":[{"@type":"ListItem","position":1,"name":"In\u00edcio","item":"https:\/\/pipabroward.org\/"},{"@type":"ListItem","position":2,"name":"Adventures in Portuguese"}]},{"@type":"WebSite","@id":"https:\/\/pipabroward.org\/#website","url":"https:\/\/pipabroward.org\/","name":"PIPA BROWARD","description":"Promovendo o bilinguismo e a cultura brasileira em Broward","publisher":{"@id":"https:\/\/pipabroward.org\/#organization"},"potentialAction":[{"@type":"SearchAction","target":{"@type":"EntryPoint","urlTemplate":"https:\/\/pipabroward.org\/?s={search_term_string}"},"query-input":{"@type":"PropertyValueSpecification","valueRequired":true,"valueName":"search_term_string"}}],"inLanguage":"en-US"},{"@type":"Organization","@id":"https:\/\/pipabroward.org\/#organization","name":"PIPA BROWARD","url":"https:\/\/pipabroward.org\/","logo":{"@type":"ImageObject","inLanguage":"en-US","@id":"https:\/\/pipabroward.org\/#\/schema\/logo\/image\/","url":"https:\/\/pipabroward.org\/wp-content\/uploads\/2024\/09\/pipa.png","contentUrl":"https:\/\/pipabroward.org\/wp-content\/uploads\/2024\/09\/pipa.png","width":1131,"height":339,"caption":"PIPA BROWARD"},"image":{"@id":"https:\/\/pipabroward.org\/#\/schema\/logo\/image\/"},"sameAs":["https:\/\/www.instagram.com\/pipa_broward\/"]}]}},"campaignId":"","_links":{"self":[{"href":"https:\/\/pipabroward.org\/en\/wp-json\/wp\/v2\/pages\/29414","targetHints":{"allow":["GET"]}}],"collection":[{"href":"https:\/\/pipabroward.org\/en\/wp-json\/wp\/v2\/pages"}],"about":[{"href":"https:\/\/pipabroward.org\/en\/wp-json\/wp\/v2\/types\/page"}],"author":[{"embeddable":true,"href":"https:\/\/pipabroward.org\/en\/wp-json\/wp\/v2\/users\/1"}],"replies":[{"embeddable":true,"href":"https:\/\/pipabroward.org\/en\/wp-json\/wp\/v2\/comments?post=29414"}],"version-history":[{"count":52,"href":"https:\/\/pipabroward.org\/en\/wp-json\/wp\/v2\/pages\/29414\/revisions"}],"predecessor-version":[{"id":30598,"href":"https:\/\/pipabroward.org\/en\/wp-json\/wp\/v2\/pages\/29414\/revisions\/30598"}],"wp:attachment":[{"href":"https:\/\/pipabroward.org\/en\/wp-json\/wp\/v2\/media?parent=29414"}],"curies":[{"name":"wp","href":"https:\/\/api.w.org\/{rel}","templated":true}]}}