{"id":29344,"date":"2024-10-09T11:51:51","date_gmt":"2024-10-09T14:51:51","guid":{"rendered":"https:\/\/pipabroward.org\/?page_id=29344"},"modified":"2025-11-10T14:31:06","modified_gmt":"2025-11-10T17:31:06","slug":"membros","status":"publish","type":"page","link":"https:\/\/pipabroward.org\/en\/membros\/","title":{"rendered":"Members"},"content":{"rendered":"<div data-elementor-type=\"wp-page\" data-elementor-id=\"29344\" class=\"elementor elementor-29344\">\n\t\t\t\t\t\t<section class=\"elementor-section elementor-top-section elementor-element elementor-element-76efdcf elementor-section-boxed elementor-section-height-default elementor-section-height-default sc_fly_static\" data-id=\"76efdcf\" data-element_type=\"section\" data-e-type=\"section\">\n\t\t\t\t\t\t<div class=\"elementor-container elementor-column-gap-extended\">\n\t\t\t\t\t<div class=\"elementor-column elementor-col-100 elementor-top-column elementor-element elementor-element-1ef18f3 sc_inner_width_none sc_content_align_inherit sc_layouts_column_icons_position_left sc_fly_static\" data-id=\"1ef18f3\" data-element_type=\"column\" data-e-type=\"column\">\n\t\t\t<div class=\"elementor-widget-wrap elementor-element-populated\">\n\t\t\t\t\t\t<div class=\"elementor-element elementor-element-7616158 sc_fly_static elementor-widget elementor-widget-text-editor\" data-id=\"7616158\" data-element_type=\"widget\" data-e-type=\"widget\" data-widget_type=\"text-editor.default\">\n\t\t\t\t<div class=\"elementor-widget-container\">\n\t\t\t\t\t\t\t\t\t<h6 data-start=\"73\" data-end=\"122\">\u00a0<\/h6><h5 data-start=\"73\" data-end=\"122\"><strong data-start=\"77\" data-end=\"122\">Why Become a Member of PIPA Broward?<\/strong><\/h5><p data-start=\"124\" data-end=\"429\">PIPA Broward represents Brazilian families and Portuguese speakers in our community, promoting the preservation of our language and culture. The more united and engaged we are, the greater impact our achievements will have in education and culture. Join us and be a part of this mission!<\/p><h5 data-start=\"431\" data-end=\"474\"><strong data-start=\"435\" data-end=\"474\">PIPA Broward Membership Fee<\/strong><\/h5><p data-start=\"476\" data-end=\"642\">The fee to become a member of PIPA Broward is <strong data-start=\"527\" data-end=\"545\">US\\$ 24 per year.<\/strong> (only <strong data-start=\"554\" data-end=\"568\">$2 per month<\/strong>), a small fee that helps strengthen our community and initiatives.<\/p><h5 data-start=\"644\" data-end=\"693\"><strong data-start=\"648\" data-end=\"693\">How to become a member of PIPA Broward?<\/strong><\/h5><ol data-start=\"695\" data-end=\"1277\"><li data-start=\"695\" data-end=\"752\"><p data-start=\"698\" data-end=\"752\"><strong data-start=\"698\" data-end=\"730\">Fill out the form below.<\/strong> and click \"Submit\".<\/p><\/li><li data-start=\"753\" data-end=\"839\"><p data-start=\"756\" data-end=\"839\">You will receive a confirmation email from our <strong data-start=\"804\" data-end=\"838\">relationship department.<\/strong>.<\/p><\/li><li data-start=\"840\" data-end=\"968\"><p data-start=\"843\" data-end=\"968\"><strong data-start=\"843\" data-end=\"868\">Complete your registration.<\/strong> by transferring the amount of <strong data-start=\"905\" data-end=\"912\">$24<\/strong> to the <strong data-start=\"920\" data-end=\"929\">Zelle<\/strong>, which will be provided by our team.<\/p><\/li><li data-start=\"969\" data-end=\"1056\"><p data-start=\"972\" data-end=\"1056\">After the payment, you will receive an email confirming your membership to the <strong data-start=\"1039\" data-end=\"1055\">PIPA Broward<\/strong>.<\/p><\/li><li data-start=\"1057\" data-end=\"1277\"><p data-start=\"1060\" data-end=\"1277\"><strong data-start=\"1060\" data-end=\"1104\">Join the exclusive WhatsApp group<\/strong> of the PIPA Broward community, where you will receive updates on projects, events, and many other participation opportunities. Your presence is very important to us!<\/p><\/li><\/ol><h5 data-start=\"1279\" data-end=\"1327\"><strong data-start=\"1283\" data-end=\"1327\">Benefits of being a PIPA Broward Member<\/strong><\/h5><p data-start=\"1329\" data-end=\"1495\">In addition to contributing to the preservation of our culture and language, PIPA Broward members have access to exclusive events, project updates, and much more.<\/p><p data-start=\"1497\" data-end=\"1627\"><strong data-start=\"1497\" data-end=\"1527\">Follow us on Instagram<\/strong> to stay updated on news and events:<strong> <a class=\"\" href=\"https:\/\/www.instagram.com\/pipabroward\" target=\"_new\" rel=\"noopener\" data-start=\"1574\" data-end=\"1627\">@pipabroward<\/a><\/strong><\/p>\t\t\t\t\t\t\t\t<\/div>\n\t\t\t\t<\/div>\n\t\t\t\t\t<\/div>\n\t\t<\/div>\n\t\t\t\t\t<\/div>\n\t\t<\/section>\n\t\t\t\t<section class=\"elementor-section elementor-top-section elementor-element elementor-element-88a90de elementor-section-boxed elementor-section-height-default elementor-section-height-default sc_fly_static\" data-id=\"88a90de\" data-element_type=\"section\" data-e-type=\"section\">\n\t\t\t\t\t\t<div class=\"elementor-container elementor-column-gap-extended\">\n\t\t\t\t\t<div class=\"elementor-column elementor-col-50 elementor-top-column elementor-element elementor-element-40d72e5 sc_inner_width_none sc_content_align_inherit sc_layouts_column_icons_position_left sc_fly_static\" data-id=\"40d72e5\" data-element_type=\"column\" data-e-type=\"column\">\n\t\t\t<div class=\"elementor-widget-wrap elementor-element-populated\">\n\t\t\t\t\t\t<div class=\"elementor-element elementor-element-244f940 sc_fly_static elementor-widget elementor-widget-image\" data-id=\"244f940\" data-element_type=\"widget\" data-e-type=\"widget\" data-widget_type=\"image.default\">\n\t\t\t\t<div class=\"elementor-widget-container\">\n\t\t\t\t\t\t\t\t\t\t\t\t\t\t\t<img fetchpriority=\"high\" decoding=\"async\" width=\"768\" height=\"960\" src=\"https:\/\/pipabroward.org\/wp-content\/uploads\/2025\/11\/Design-sem-nome-2-768x960.png\" class=\"attachment-medium_large size-medium_large wp-image-30370\" alt=\"\" srcset=\"https:\/\/pipabroward.org\/wp-content\/uploads\/2025\/11\/Design-sem-nome-2-768x960.png 768w, https:\/\/pipabroward.org\/wp-content\/uploads\/2025\/11\/Design-sem-nome-2-240x300.png 240w, https:\/\/pipabroward.org\/wp-content\/uploads\/2025\/11\/Design-sem-nome-2-819x1024.png 819w, https:\/\/pipabroward.org\/wp-content\/uploads\/2025\/11\/Design-sem-nome-2-10x12.png 10w, https:\/\/pipabroward.org\/wp-content\/uploads\/2025\/11\/Design-sem-nome-2-370x463.png 370w, https:\/\/pipabroward.org\/wp-content\/uploads\/2025\/11\/Design-sem-nome-2-840x1050.png 840w, https:\/\/pipabroward.org\/wp-content\/uploads\/2025\/11\/Design-sem-nome-2-410x513.png 410w, https:\/\/pipabroward.org\/wp-content\/uploads\/2025\/11\/Design-sem-nome-2.png 1080w\" sizes=\"(max-width: 768px) 100vw, 768px\" \/>\t\t\t\t\t\t\t\t\t\t\t\t\t\t\t<\/div>\n\t\t\t\t<\/div>\n\t\t\t\t\t<\/div>\n\t\t<\/div>\n\t\t\t\t<div class=\"elementor-column elementor-col-50 elementor-top-column elementor-element elementor-element-6ca7c71 sc_inner_width_none sc_content_align_inherit sc_layouts_column_icons_position_left sc_fly_static\" data-id=\"6ca7c71\" data-element_type=\"column\" data-e-type=\"column\">\n\t\t\t<div class=\"elementor-widget-wrap elementor-element-populated\">\n\t\t\t\t\t\t<div class=\"elementor-element elementor-element-f1d1d8c sc_fly_static elementor-widget elementor-widget-heading\" data-id=\"f1d1d8c\" data-element_type=\"widget\" data-e-type=\"widget\" data-widget_type=\"heading.default\">\n\t\t\t\t<div class=\"elementor-widget-container\">\n\t\t\t\t\t<h3 class=\"elementor-heading-title elementor-size-default\">Seja um membro PIPA Broward!\n<\/h3>\t\t\t\t<\/div>\n\t\t\t\t<\/div>\n\t\t\t\t<div class=\"elementor-element elementor-element-a37ac05 sc_fly_static elementor-widget elementor-widget-spacer\" data-id=\"a37ac05\" data-element_type=\"widget\" data-e-type=\"widget\" data-widget_type=\"spacer.default\">\n\t\t\t\t<div class=\"elementor-widget-container\">\n\t\t\t\t\t\t\t<div class=\"elementor-spacer\">\n\t\t\t<div class=\"elementor-spacer-inner\"><\/div>\n\t\t<\/div>\n\t\t\t\t\t\t<\/div>\n\t\t\t\t<\/div>\n\t\t\t\t<div class=\"elementor-element elementor-element-998353f elementor-widget-tablet__width-initial sc_fly_static elementor-widget elementor-widget-trx_sc_contact_form_7\" data-id=\"998353f\" data-element_type=\"widget\" data-e-type=\"widget\" data-widget_type=\"trx_sc_contact_form_7.default\">\n\t\t\t\t<div class=\"elementor-widget-container\">\n\t\t\t\t\t\n<div class=\"wpcf7 no-js\" id=\"wpcf7-f30128-o1\" lang=\"pt-BR\" dir=\"ltr\" data-wpcf7-id=\"30128\">\n<div class=\"screen-reader-response\"><p role=\"status\" aria-live=\"polite\" aria-atomic=\"true\"><\/p> <ul><\/ul><\/div>\n<form action=\"\/en\/wp-json\/wp\/v2\/pages\/29344#wpcf7-f30128-o1\" method=\"post\" class=\"wpcf7-form init\" aria-label=\"Formul\u00e1rios de contato\" novalidate=\"novalidate\" data-status=\"init\" data-trp-original-action=\"\/en\/wp-json\/wp\/v2\/pages\/29344#wpcf7-f30128-o1\">\n<fieldset class=\"hidden-fields-container\"><input type=\"hidden\" name=\"_wpcf7\" value=\"30128\" \/><input type=\"hidden\" name=\"_wpcf7_version\" value=\"6.1.5\" \/><input type=\"hidden\" name=\"_wpcf7_locale\" value=\"pt_BR\" \/><input type=\"hidden\" name=\"_wpcf7_unit_tag\" value=\"wpcf7-f30128-o1\" \/><input type=\"hidden\" name=\"_wpcf7_container_post\" value=\"0\" \/><input type=\"hidden\" name=\"_wpcf7_posted_data_hash\" value=\"\" \/>\n<\/fieldset>\n<p><label> NAME:<br \/>\n<span class=\"wpcf7-form-control-wrap\" data-name=\"text-nome\"><input size=\"40\" maxlength=\"400\" class=\"wpcf7-form-control wpcf7-text wpcf7-validates-as-required\" aria-required=\"true\" aria-invalid=\"false\" value=\"\" type=\"text\" name=\"text-nome\" \/><\/span> <\/label>\n<\/p>\n<p><label> PHONE<br \/>\n<span class=\"wpcf7-form-control-wrap\" data-name=\"text-celular\"><input size=\"40\" maxlength=\"400\" class=\"wpcf7-form-control wpcf7-text wpcf7-validates-as-required\" aria-required=\"true\" aria-invalid=\"false\" value=\"\" type=\"text\" name=\"text-celular\" \/><\/span> <\/label>\n<\/p>\n<p><label> EMAIL:<br \/>\n<span class=\"wpcf7-form-control-wrap\" data-name=\"email-pais\"><input size=\"40\" maxlength=\"400\" class=\"wpcf7-form-control wpcf7-email wpcf7-validates-as-required wpcf7-text wpcf7-validates-as-email\" aria-required=\"true\" aria-invalid=\"false\" value=\"\" type=\"email\" name=\"email-pais\" \/><\/span> <\/label>\n<\/p>\n<p><strong>Information about your child(ren):<\/strong>\n<\/p>\n<p><label> NOME DO FILHO:<br \/>\n<span class=\"wpcf7-form-control-wrap\" data-name=\"text-nomefilho\"><input size=\"40\" maxlength=\"400\" class=\"wpcf7-form-control wpcf7-text wpcf7-validates-as-required\" aria-required=\"true\" aria-invalid=\"false\" value=\"\" type=\"text\" name=\"text-nomefilho\" \/><\/span> <\/label>\n<\/p>\n<p><label> AGE:<br \/>\n<span class=\"wpcf7-form-control-wrap\" data-name=\"idade\"><input class=\"wpcf7-form-control wpcf7-number wpcf7-validates-as-required wpcf7-validates-as-number\" aria-required=\"true\" aria-invalid=\"false\" value=\"\" type=\"number\" name=\"idade\" \/><\/span> <\/label>\n<\/p>\n<p><label> SCHOOL CURRENTLY ATTENDING:<br \/>\n<span class=\"wpcf7-form-control-wrap\" data-name=\"text-escola\"><input size=\"40\" maxlength=\"400\" class=\"wpcf7-form-control wpcf7-text wpcf7-validates-as-required\" aria-required=\"true\" aria-invalid=\"false\" value=\"\" type=\"text\" name=\"text-escola\" \/><\/span> <\/label>\n<\/p>\n<p><input class=\"wpcf7-form-control wpcf7-submit has-spinner\" type=\"submit\" value=\"SEND\" \/>\n<\/p><div class=\"wpcf7-response-output\" aria-hidden=\"true\"><\/div>\n<input type=\"hidden\" name=\"trp-form-language\" value=\"en\"\/><\/form>\n<\/div>\n\t\t\t\t<\/div>\n\t\t\t\t<\/div>\n\t\t\t\t\t<\/div>\n\t\t<\/div>\n\t\t\t\t\t<\/div>\n\t\t<\/section>\n\t\t\t\t<section class=\"elementor-section elementor-top-section elementor-element elementor-element-5fe9f9f elementor-section-boxed elementor-section-height-default elementor-section-height-default sc_fly_static\" data-id=\"5fe9f9f\" data-element_type=\"section\" data-e-type=\"section\">\n\t\t\t\t\t\t<div class=\"elementor-container elementor-column-gap-extended\">\n\t\t\t\t\t<div class=\"elementor-column elementor-col-100 elementor-top-column elementor-element elementor-element-844d5aa sc_inner_width_none sc_content_align_inherit sc_layouts_column_icons_position_left sc_fly_static\" data-id=\"844d5aa\" data-element_type=\"column\" data-e-type=\"column\">\n\t\t\t<div class=\"elementor-widget-wrap elementor-element-populated\">\n\t\t\t\t\t\t<div class=\"elementor-element elementor-element-6e02b8f sc_fly_static elementor-widget elementor-widget-text-editor\" data-id=\"6e02b8f\" data-element_type=\"widget\" data-e-type=\"widget\" data-widget_type=\"text-editor.default\">\n\t\t\t\t<div class=\"elementor-widget-container\">\n\t\t\t\t\t\t\t\t\t<div style=\"font-family: 'Arial', sans-serif; padding: 40px 20px; background-color: #ffffff; max-width: 1200px; margin: auto;\">\n\n  <h2 style=\"text-align: center; color: #1e40af; font-size: 28px; font-weight: bold; margin-bottom: 10px;\">\n    Why become <span style=\"color: #facc15;\">A PIPA Broward member?<\/span>\n  <\/h2>\n\n  <!-- Benef\u00edcios para os Pais -->\n  <h3 style=\"text-align: center; color: #000000; font-size: 20px; margin-top: 30px;\">\n    BENEFITS FOR PARENTS\n  <\/h3>\n\n  <div style=\"display: flex; flex-wrap: wrap; justify-content: space-around; margin-top: 20px;\">\n\n    <!-- Amarelo claro -->\n    <div style=\"flex: 1 1 200px; background-color: #fff9c4; margin: 10px; padding: 20px; border-radius: 10px;\">\n      Download of an e-book upon membership about the American Education System, from Elementary School to College preparation.\n    <\/div>\n\n    <!-- Amarelo m\u00e9dio -->\n    <div style=\"flex: 1 1 200px; background-color: #fff176; margin: 10px; padding: 20px; border-radius: 10px;\">\n      Free and exclusive participation in the Online Professional Lecture Series. (4 lectures\/year)\n    <\/div>\n\n    <!-- Amarelo mais forte (sem ficar escuro) -->\n    <div style=\"flex: 1 1 200px; background-color: #ffeb3b; margin: 10px; padding: 20px; border-radius: 10px;\">\n      Discounts at partner Brazilian establishments.\n    <\/div>\n\n  <\/div>\n\n  <!-- Benef\u00edcios para os Alunos -->\n  <h3 style=\"text-align: center; color: #000000; font-size: 20px; margin-top: 40px;\">\n    BENEFITS FOR STUDENTS\n  <\/h3>\n\n  <div style=\"display: flex; flex-wrap: wrap; justify-content: space-around; margin-top: 20px;\">\n\n    <!-- Verde muito claro -->\n    <div style=\"flex: 1 1 200px; background-color: #d1fae5; margin: 10px; padding: 20px; border-radius: 10px;\">\n      Access to tutoring sessions with High School students in Reading\/ELA and Math.\n    <\/div>\n\n    <!-- Verde claro -->\n    <div style=\"flex: 1 1 200px; background-color: #86efac; margin: 10px; padding: 20px; border-radius: 10px;\">\n      Opportunity to participate in projects and initiatives for earning volunteer hours.\n    <\/div>\n\n    <!-- Verde m\u00e9dio -->\n    <div style=\"flex: 1 1 200px; background-color: #4ade80; margin: 10px; padding: 20px; border-radius: 10px;\">\n      Free and exclusive participation in the Online Lecture Series by students for students.\n    <\/div>\n\n  <\/div>\n\n<\/div>\n\t\t\t\t\t\t\t\t<\/div>\n\t\t\t\t<\/div>\n\t\t\t\t\t<\/div>\n\t\t<\/div>\n\t\t\t\t\t<\/div>\n\t\t<\/section>\n\t\t\t\t<\/div>","protected":false},"excerpt":{"rendered":"<p>\u00a0 Por que se tornar Membro da PIPA Broward? A PIPA Broward representa as fam\u00edlias brasileiras e falantes de portugu\u00eas em nossa comunidade, promovendo a preserva\u00e7\u00e3o da nossa l\u00edngua e&hellip;<\/p>","protected":false},"author":1,"featured_media":0,"parent":0,"menu_order":0,"comment_status":"closed","ping_status":"closed","template":"","meta":{"give_campaign_id":0,"_joinchat":[],"footnotes":""},"class_list":["post-29344","page","type-page","status-publish","hentry"],"yoast_head":"<!-- This site is optimized with the Yoast SEO plugin v26.3 - https:\/\/yoast.com\/wordpress\/plugins\/seo\/ -->\n<title>Membros - PIPA BROWARD<\/title>\n<meta name=\"robots\" content=\"index, follow, max-snippet:-1, max-image-preview:large, max-video-preview:-1\" \/>\n<link rel=\"canonical\" href=\"https:\/\/pipabroward.org\/en\/membros\/\" \/>\n<meta property=\"og:locale\" content=\"en_US\" \/>\n<meta property=\"og:type\" content=\"article\" \/>\n<meta property=\"og:title\" content=\"Membros - PIPA BROWARD\" \/>\n<meta property=\"og:description\" content=\"\u00a0 Por que se tornar Membro da PIPA Broward? A PIPA Broward representa as fam\u00edlias brasileiras e falantes de portugu\u00eas em nossa comunidade, promovendo a preserva\u00e7\u00e3o da nossa l\u00edngua e&hellip;\" \/>\n<meta property=\"og:url\" content=\"https:\/\/pipabroward.org\/en\/membros\/\" \/>\n<meta property=\"og:site_name\" content=\"PIPA BROWARD\" \/>\n<meta property=\"article:modified_time\" content=\"2025-11-10T17:31:06+00:00\" \/>\n<meta property=\"og:image\" content=\"https:\/\/pipabroward.org\/wp-content\/uploads\/2025\/11\/Design-sem-nome-2-768x960.png\" \/>\n<meta name=\"twitter:card\" content=\"summary_large_image\" \/>\n<meta name=\"twitter:label1\" content=\"Est. reading time\" \/>\n\t<meta name=\"twitter:data1\" content=\"3 minutes\" \/>\n<script type=\"application\/ld+json\" class=\"yoast-schema-graph\">{\"@context\":\"https:\/\/schema.org\",\"@graph\":[{\"@type\":\"WebPage\",\"@id\":\"https:\/\/pipabroward.org\/membros\/\",\"url\":\"https:\/\/pipabroward.org\/membros\/\",\"name\":\"Membros - PIPA BROWARD\",\"isPartOf\":{\"@id\":\"https:\/\/pipabroward.org\/#website\"},\"primaryImageOfPage\":{\"@id\":\"https:\/\/pipabroward.org\/membros\/#primaryimage\"},\"image\":{\"@id\":\"https:\/\/pipabroward.org\/membros\/#primaryimage\"},\"thumbnailUrl\":\"https:\/\/pipabroward.org\/wp-content\/uploads\/2025\/11\/Design-sem-nome-2-768x960.png\",\"datePublished\":\"2024-10-09T14:51:51+00:00\",\"dateModified\":\"2025-11-10T17:31:06+00:00\",\"breadcrumb\":{\"@id\":\"https:\/\/pipabroward.org\/membros\/#breadcrumb\"},\"inLanguage\":\"en-US\",\"potentialAction\":[{\"@type\":\"ReadAction\",\"target\":[\"https:\/\/pipabroward.org\/membros\/\"]}]},{\"@type\":\"ImageObject\",\"inLanguage\":\"en-US\",\"@id\":\"https:\/\/pipabroward.org\/membros\/#primaryimage\",\"url\":\"https:\/\/pipabroward.org\/wp-content\/uploads\/2025\/11\/Design-sem-nome-2-768x960.png\",\"contentUrl\":\"https:\/\/pipabroward.org\/wp-content\/uploads\/2025\/11\/Design-sem-nome-2-768x960.png\"},{\"@type\":\"BreadcrumbList\",\"@id\":\"https:\/\/pipabroward.org\/membros\/#breadcrumb\",\"itemListElement\":[{\"@type\":\"ListItem\",\"position\":1,\"name\":\"In\u00edcio\",\"item\":\"https:\/\/pipabroward.org\/\"},{\"@type\":\"ListItem\",\"position\":2,\"name\":\"Membros\"}]},{\"@type\":\"WebSite\",\"@id\":\"https:\/\/pipabroward.org\/#website\",\"url\":\"https:\/\/pipabroward.org\/\",\"name\":\"PIPA BROWARD\",\"description\":\"Promovendo o bilinguismo e a cultura brasileira em Broward\",\"publisher\":{\"@id\":\"https:\/\/pipabroward.org\/#organization\"},\"potentialAction\":[{\"@type\":\"SearchAction\",\"target\":{\"@type\":\"EntryPoint\",\"urlTemplate\":\"https:\/\/pipabroward.org\/?s={search_term_string}\"},\"query-input\":{\"@type\":\"PropertyValueSpecification\",\"valueRequired\":true,\"valueName\":\"search_term_string\"}}],\"inLanguage\":\"en-US\"},{\"@type\":\"Organization\",\"@id\":\"https:\/\/pipabroward.org\/#organization\",\"name\":\"PIPA BROWARD\",\"url\":\"https:\/\/pipabroward.org\/\",\"logo\":{\"@type\":\"ImageObject\",\"inLanguage\":\"en-US\",\"@id\":\"https:\/\/pipabroward.org\/#\/schema\/logo\/image\/\",\"url\":\"https:\/\/pipabroward.org\/wp-content\/uploads\/2024\/09\/pipa.png\",\"contentUrl\":\"https:\/\/pipabroward.org\/wp-content\/uploads\/2024\/09\/pipa.png\",\"width\":1131,\"height\":339,\"caption\":\"PIPA BROWARD\"},\"image\":{\"@id\":\"https:\/\/pipabroward.org\/#\/schema\/logo\/image\/\"},\"sameAs\":[\"https:\/\/www.instagram.com\/pipa_broward\/\"]}]}<\/script>\n<!-- \/ Yoast SEO plugin. -->","yoast_head_json":{"title":"Membros - PIPA BROWARD","robots":{"index":"index","follow":"follow","max-snippet":"max-snippet:-1","max-image-preview":"max-image-preview:large","max-video-preview":"max-video-preview:-1"},"canonical":"https:\/\/pipabroward.org\/en\/membros\/","og_locale":"en_US","og_type":"article","og_title":"Membros - PIPA BROWARD","og_description":"\u00a0 Por que se tornar Membro da PIPA Broward? A PIPA Broward representa as fam\u00edlias brasileiras e falantes de portugu\u00eas em nossa comunidade, promovendo a preserva\u00e7\u00e3o da nossa l\u00edngua e&hellip;","og_url":"https:\/\/pipabroward.org\/en\/membros\/","og_site_name":"PIPA BROWARD","article_modified_time":"2025-11-10T17:31:06+00:00","og_image":[{"url":"https:\/\/pipabroward.org\/wp-content\/uploads\/2025\/11\/Design-sem-nome-2-768x960.png","type":"","width":"","height":""}],"twitter_card":"summary_large_image","twitter_misc":{"Est. reading time":"3 minutes"},"schema":{"@context":"https:\/\/schema.org","@graph":[{"@type":"WebPage","@id":"https:\/\/pipabroward.org\/membros\/","url":"https:\/\/pipabroward.org\/membros\/","name":"Membros - PIPA BROWARD","isPartOf":{"@id":"https:\/\/pipabroward.org\/#website"},"primaryImageOfPage":{"@id":"https:\/\/pipabroward.org\/membros\/#primaryimage"},"image":{"@id":"https:\/\/pipabroward.org\/membros\/#primaryimage"},"thumbnailUrl":"https:\/\/pipabroward.org\/wp-content\/uploads\/2025\/11\/Design-sem-nome-2-768x960.png","datePublished":"2024-10-09T14:51:51+00:00","dateModified":"2025-11-10T17:31:06+00:00","breadcrumb":{"@id":"https:\/\/pipabroward.org\/membros\/#breadcrumb"},"inLanguage":"en-US","potentialAction":[{"@type":"ReadAction","target":["https:\/\/pipabroward.org\/membros\/"]}]},{"@type":"ImageObject","inLanguage":"en-US","@id":"https:\/\/pipabroward.org\/membros\/#primaryimage","url":"https:\/\/pipabroward.org\/wp-content\/uploads\/2025\/11\/Design-sem-nome-2-768x960.png","contentUrl":"https:\/\/pipabroward.org\/wp-content\/uploads\/2025\/11\/Design-sem-nome-2-768x960.png"},{"@type":"BreadcrumbList","@id":"https:\/\/pipabroward.org\/membros\/#breadcrumb","itemListElement":[{"@type":"ListItem","position":1,"name":"In\u00edcio","item":"https:\/\/pipabroward.org\/"},{"@type":"ListItem","position":2,"name":"Membros"}]},{"@type":"WebSite","@id":"https:\/\/pipabroward.org\/#website","url":"https:\/\/pipabroward.org\/","name":"PIPA BROWARD","description":"Promovendo o bilinguismo e a cultura brasileira em Broward","publisher":{"@id":"https:\/\/pipabroward.org\/#organization"},"potentialAction":[{"@type":"SearchAction","target":{"@type":"EntryPoint","urlTemplate":"https:\/\/pipabroward.org\/?s={search_term_string}"},"query-input":{"@type":"PropertyValueSpecification","valueRequired":true,"valueName":"search_term_string"}}],"inLanguage":"en-US"},{"@type":"Organization","@id":"https:\/\/pipabroward.org\/#organization","name":"PIPA BROWARD","url":"https:\/\/pipabroward.org\/","logo":{"@type":"ImageObject","inLanguage":"en-US","@id":"https:\/\/pipabroward.org\/#\/schema\/logo\/image\/","url":"https:\/\/pipabroward.org\/wp-content\/uploads\/2024\/09\/pipa.png","contentUrl":"https:\/\/pipabroward.org\/wp-content\/uploads\/2024\/09\/pipa.png","width":1131,"height":339,"caption":"PIPA BROWARD"},"image":{"@id":"https:\/\/pipabroward.org\/#\/schema\/logo\/image\/"},"sameAs":["https:\/\/www.instagram.com\/pipa_broward\/"]}]}},"campaignId":"","_links":{"self":[{"href":"https:\/\/pipabroward.org\/en\/wp-json\/wp\/v2\/pages\/29344","targetHints":{"allow":["GET"]}}],"collection":[{"href":"https:\/\/pipabroward.org\/en\/wp-json\/wp\/v2\/pages"}],"about":[{"href":"https:\/\/pipabroward.org\/en\/wp-json\/wp\/v2\/types\/page"}],"author":[{"embeddable":true,"href":"https:\/\/pipabroward.org\/en\/wp-json\/wp\/v2\/users\/1"}],"replies":[{"embeddable":true,"href":"https:\/\/pipabroward.org\/en\/wp-json\/wp\/v2\/comments?post=29344"}],"version-history":[{"count":124,"href":"https:\/\/pipabroward.org\/en\/wp-json\/wp\/v2\/pages\/29344\/revisions"}],"predecessor-version":[{"id":30373,"href":"https:\/\/pipabroward.org\/en\/wp-json\/wp\/v2\/pages\/29344\/revisions\/30373"}],"wp:attachment":[{"href":"https:\/\/pipabroward.org\/en\/wp-json\/wp\/v2\/media?parent=29344"}],"curies":[{"name":"wp","href":"https:\/\/api.w.org\/{rel}","templated":true}]}}