{"id":29216,"date":"2024-08-30T14:02:09","date_gmt":"2024-08-30T17:02:09","guid":{"rendered":"https:\/\/pipabroward.org\/confirmacao-da-doacao\/"},"modified":"2024-08-30T14:02:09","modified_gmt":"2024-08-30T17:02:09","slug":"confirmacao-da-doacao","status":"publish","type":"page","link":"https:\/\/pipabroward.org\/en\/confirmacao-da-doacao\/","title":{"rendered":"Confirma\u00e7\u00e3o da doa\u00e7\u00e3o"},"content":{"rendered":"<div id=\"give-receipt\" data-shortcode=\"{&quot;error&quot;:&quot;You are missing the donation id to view this donation receipt.&quot;,&quot;price&quot;:true,&quot;donor&quot;:true,&quot;date&quot;:true,&quot;payment_method&quot;:true,&quot;payment_id&quot;:true,&quot;payment_status&quot;:false,&quot;company_name&quot;:false,&quot;status_notice&quot;:true}\" data-receipt-type=\"\" data-donation-key=\"\" ><div class=\"placeholder-container-animation\">\n\t<div class=\"timeline-wrapper\">\n\t\t<div class=\"timeline-item\">\n\t\t\t<div class=\"animated-background\">\n\t\t\t\t<div class=\"layer h2 layer-7\">\n\t\t\t\t\t<div class=\"layer-item\"><\/div>\n\t\t\t\t\t<div class=\"layer-item opaque\"><\/div>\n\t\t\t\t<\/div>\n\t\t\t\t<div class=\"layer-gap medium\"><\/div>\n\t\t\t\t<div class=\"layer-gap medium\"><\/div>\n\n\t\t\t\t<div class=\"layer label layer-4\">\n\t\t\t\t\t<div class=\"layer-item\"><\/div>\n\t\t\t\t\t<div class=\"layer-item opaque\"><\/div>\n\t\t\t\t\t<div class=\"layer-item opaque\"><\/div>\n\t\t\t\t\t<div class=\"layer-item\"><\/div>\n\t\t\t\t\t<div class=\"layer-item opaque\"><\/div>\n\t\t\t\t<\/div>\n\t\t\t\t<div class=\"layer-gap small\"><\/div>\n\n\n\t\t\t\t<div class=\"layer h2 layer-5\">\n\t\t\t\t\t<div class=\"layer-item\"><\/div>\n\t\t\t\t\t<div class=\"layer-item opaque\"><\/div>\n\t\t\t\t\t<div class=\"layer-item opaque\"><\/div>\n\t\t\t\t\t<div class=\"layer-item\"><\/div>\n\t\t\t\t\t<div class=\"layer-item opaque\"><\/div>\n\t\t\t\t<\/div>\n\t\t\t\t<div class=\"layer-gap medium\"><\/div>\n\n\n\t\t\t\t<div class=\"layer label layer-4\">\n\t\t\t\t\t<div class=\"layer-item\"><\/div>\n\t\t\t\t\t<div class=\"layer-item opaque\"><\/div>\n\t\t\t\t\t<div class=\"layer-item opaque\"><\/div>\n\t\t\t\t\t<div class=\"layer-item\"><\/div>\n\t\t\t\t\t<div class=\"layer-item opaque\"><\/div>\n\t\t\t\t<\/div>\n\t\t\t\t<div class=\"layer-gap small\"><\/div>\n\t\t\t<\/div>\n\t\t<\/div>\n\t<\/div>\n<\/div>\n<\/div>","protected":false},"excerpt":{"rendered":"","protected":false},"author":1,"featured_media":0,"parent":0,"menu_order":0,"comment_status":"closed","ping_status":"closed","template":"","meta":{"give_campaign_id":0,"_joinchat":[],"footnotes":""},"class_list":["post-29216","page","type-page","status-publish","hentry"],"yoast_head":"<!-- This site is optimized with the Yoast SEO plugin v26.3 - https:\/\/yoast.com\/wordpress\/plugins\/seo\/ -->\n<title>Confirma\u00e7\u00e3o da doa\u00e7\u00e3o - PIPA BROWARD<\/title>\n<meta name=\"robots\" content=\"index, follow, max-snippet:-1, max-image-preview:large, max-video-preview:-1\" \/>\n<link rel=\"canonical\" href=\"https:\/\/pipabroward.org\/en\/confirmacao-da-doacao\/\" \/>\n<meta property=\"og:locale\" content=\"en_US\" \/>\n<meta property=\"og:type\" content=\"article\" \/>\n<meta property=\"og:title\" content=\"Confirma\u00e7\u00e3o da doa\u00e7\u00e3o - PIPA BROWARD\" \/>\n<meta property=\"og:url\" content=\"https:\/\/pipabroward.org\/en\/confirmacao-da-doacao\/\" \/>\n<meta property=\"og:site_name\" content=\"PIPA BROWARD\" \/>\n<meta name=\"twitter:card\" content=\"summary_large_image\" \/>\n<script type=\"application\/ld+json\" class=\"yoast-schema-graph\">{\"@context\":\"https:\/\/schema.org\",\"@graph\":[{\"@type\":\"WebPage\",\"@id\":\"https:\/\/pipabroward.org\/confirmacao-da-doacao\/\",\"url\":\"https:\/\/pipabroward.org\/confirmacao-da-doacao\/\",\"name\":\"Confirma\u00e7\u00e3o da doa\u00e7\u00e3o - PIPA BROWARD\",\"isPartOf\":{\"@id\":\"https:\/\/pipabroward.org\/#website\"},\"datePublished\":\"2024-08-30T17:02:09+00:00\",\"breadcrumb\":{\"@id\":\"https:\/\/pipabroward.org\/confirmacao-da-doacao\/#breadcrumb\"},\"inLanguage\":\"en-US\",\"potentialAction\":[{\"@type\":\"ReadAction\",\"target\":[\"https:\/\/pipabroward.org\/confirmacao-da-doacao\/\"]}]},{\"@type\":\"BreadcrumbList\",\"@id\":\"https:\/\/pipabroward.org\/confirmacao-da-doacao\/#breadcrumb\",\"itemListElement\":[{\"@type\":\"ListItem\",\"position\":1,\"name\":\"In\u00edcio\",\"item\":\"https:\/\/pipabroward.org\/\"},{\"@type\":\"ListItem\",\"position\":2,\"name\":\"Confirma\u00e7\u00e3o da doa\u00e7\u00e3o\"}]},{\"@type\":\"WebSite\",\"@id\":\"https:\/\/pipabroward.org\/#website\",\"url\":\"https:\/\/pipabroward.org\/\",\"name\":\"PIPA BROWARD\",\"description\":\"Promovendo o bilinguismo e a cultura brasileira em Broward\",\"publisher\":{\"@id\":\"https:\/\/pipabroward.org\/#organization\"},\"potentialAction\":[{\"@type\":\"SearchAction\",\"target\":{\"@type\":\"EntryPoint\",\"urlTemplate\":\"https:\/\/pipabroward.org\/?s={search_term_string}\"},\"query-input\":{\"@type\":\"PropertyValueSpecification\",\"valueRequired\":true,\"valueName\":\"search_term_string\"}}],\"inLanguage\":\"en-US\"},{\"@type\":\"Organization\",\"@id\":\"https:\/\/pipabroward.org\/#organization\",\"name\":\"PIPA BROWARD\",\"url\":\"https:\/\/pipabroward.org\/\",\"logo\":{\"@type\":\"ImageObject\",\"inLanguage\":\"en-US\",\"@id\":\"https:\/\/pipabroward.org\/#\/schema\/logo\/image\/\",\"url\":\"https:\/\/pipabroward.org\/wp-content\/uploads\/2024\/09\/pipa.png\",\"contentUrl\":\"https:\/\/pipabroward.org\/wp-content\/uploads\/2024\/09\/pipa.png\",\"width\":1131,\"height\":339,\"caption\":\"PIPA BROWARD\"},\"image\":{\"@id\":\"https:\/\/pipabroward.org\/#\/schema\/logo\/image\/\"},\"sameAs\":[\"https:\/\/www.instagram.com\/pipa_broward\/\"]}]}<\/script>\n<!-- \/ Yoast SEO plugin. -->","yoast_head_json":{"title":"Confirma\u00e7\u00e3o da doa\u00e7\u00e3o - PIPA BROWARD","robots":{"index":"index","follow":"follow","max-snippet":"max-snippet:-1","max-image-preview":"max-image-preview:large","max-video-preview":"max-video-preview:-1"},"canonical":"https:\/\/pipabroward.org\/en\/confirmacao-da-doacao\/","og_locale":"en_US","og_type":"article","og_title":"Confirma\u00e7\u00e3o da doa\u00e7\u00e3o - PIPA BROWARD","og_url":"https:\/\/pipabroward.org\/en\/confirmacao-da-doacao\/","og_site_name":"PIPA BROWARD","twitter_card":"summary_large_image","schema":{"@context":"https:\/\/schema.org","@graph":[{"@type":"WebPage","@id":"https:\/\/pipabroward.org\/confirmacao-da-doacao\/","url":"https:\/\/pipabroward.org\/confirmacao-da-doacao\/","name":"Confirma\u00e7\u00e3o da doa\u00e7\u00e3o - PIPA BROWARD","isPartOf":{"@id":"https:\/\/pipabroward.org\/#website"},"datePublished":"2024-08-30T17:02:09+00:00","breadcrumb":{"@id":"https:\/\/pipabroward.org\/confirmacao-da-doacao\/#breadcrumb"},"inLanguage":"en-US","potentialAction":[{"@type":"ReadAction","target":["https:\/\/pipabroward.org\/confirmacao-da-doacao\/"]}]},{"@type":"BreadcrumbList","@id":"https:\/\/pipabroward.org\/confirmacao-da-doacao\/#breadcrumb","itemListElement":[{"@type":"ListItem","position":1,"name":"In\u00edcio","item":"https:\/\/pipabroward.org\/"},{"@type":"ListItem","position":2,"name":"Confirma\u00e7\u00e3o da doa\u00e7\u00e3o"}]},{"@type":"WebSite","@id":"https:\/\/pipabroward.org\/#website","url":"https:\/\/pipabroward.org\/","name":"PIPA BROWARD","description":"Promovendo o bilinguismo e a cultura brasileira em Broward","publisher":{"@id":"https:\/\/pipabroward.org\/#organization"},"potentialAction":[{"@type":"SearchAction","target":{"@type":"EntryPoint","urlTemplate":"https:\/\/pipabroward.org\/?s={search_term_string}"},"query-input":{"@type":"PropertyValueSpecification","valueRequired":true,"valueName":"search_term_string"}}],"inLanguage":"en-US"},{"@type":"Organization","@id":"https:\/\/pipabroward.org\/#organization","name":"PIPA BROWARD","url":"https:\/\/pipabroward.org\/","logo":{"@type":"ImageObject","inLanguage":"en-US","@id":"https:\/\/pipabroward.org\/#\/schema\/logo\/image\/","url":"https:\/\/pipabroward.org\/wp-content\/uploads\/2024\/09\/pipa.png","contentUrl":"https:\/\/pipabroward.org\/wp-content\/uploads\/2024\/09\/pipa.png","width":1131,"height":339,"caption":"PIPA BROWARD"},"image":{"@id":"https:\/\/pipabroward.org\/#\/schema\/logo\/image\/"},"sameAs":["https:\/\/www.instagram.com\/pipa_broward\/"]}]}},"campaignId":"","_links":{"self":[{"href":"https:\/\/pipabroward.org\/en\/wp-json\/wp\/v2\/pages\/29216","targetHints":{"allow":["GET"]}}],"collection":[{"href":"https:\/\/pipabroward.org\/en\/wp-json\/wp\/v2\/pages"}],"about":[{"href":"https:\/\/pipabroward.org\/en\/wp-json\/wp\/v2\/types\/page"}],"author":[{"embeddable":true,"href":"https:\/\/pipabroward.org\/en\/wp-json\/wp\/v2\/users\/1"}],"replies":[{"embeddable":true,"href":"https:\/\/pipabroward.org\/en\/wp-json\/wp\/v2\/comments?post=29216"}],"version-history":[{"count":0,"href":"https:\/\/pipabroward.org\/en\/wp-json\/wp\/v2\/pages\/29216\/revisions"}],"wp:attachment":[{"href":"https:\/\/pipabroward.org\/en\/wp-json\/wp\/v2\/media?parent=29216"}],"curies":[{"name":"wp","href":"https:\/\/api.w.org\/{rel}","templated":true}]}}