{"id":18622,"date":"2023-08-07T16:11:56","date_gmt":"2023-08-07T16:11:56","guid":{"rendered":"https:\/\/pipabroward.org\/?page_id=18622"},"modified":"2026-03-03T18:09:40","modified_gmt":"2026-03-03T21:09:40","slug":"quem-somos","status":"publish","type":"page","link":"https:\/\/pipabroward.org\/en\/quem-somos\/","title":{"rendered":"About Us"},"content":{"rendered":"<div data-elementor-type=\"wp-page\" data-elementor-id=\"18622\" class=\"elementor elementor-18622\">\n\t\t\t\t\t\t<section class=\"elementor-section elementor-top-section elementor-element elementor-element-76efdcf elementor-section-boxed elementor-section-height-default elementor-section-height-default sc_fly_static\" data-id=\"76efdcf\" data-element_type=\"section\" data-e-type=\"section\">\n\t\t\t\t\t\t<div class=\"elementor-container elementor-column-gap-extended\">\n\t\t\t\t\t<div class=\"elementor-column elementor-col-100 elementor-top-column elementor-element elementor-element-1ef18f3 sc_inner_width_none sc_content_align_inherit sc_layouts_column_icons_position_left sc_fly_static\" data-id=\"1ef18f3\" data-element_type=\"column\" data-e-type=\"column\">\n\t\t\t<div class=\"elementor-widget-wrap elementor-element-populated\">\n\t\t\t\t\t\t<div class=\"elementor-element elementor-element-7616158 sc_fly_static elementor-widget elementor-widget-text-editor\" data-id=\"7616158\" data-element_type=\"widget\" data-e-type=\"widget\" data-widget_type=\"text-editor.default\">\n\t\t\t\t<div class=\"elementor-widget-container\">\n\t\t\t\t\t\t\t\t\t<h5><strong>About Us<\/strong><\/h5><p><span style=\"font-weight: 400;\">PIPA Broward is a non-profit, non-partisan, and non-governmental organization that emerged following the footsteps of PIPA Ada Merritt, an institution founded in 2009 by parents of students with the goal of supporting Portuguese language education.<\/span><span style=\"font-weight: 400;\"><br \/><\/span><span style=\"font-weight: 400;\">Understanding the context in which, once outside their country of origin, third-culture children need initiatives that preserve and value their roots is essential to developing activities and creating interactions that strengthen community cohesion and representation.<\/span><span style=\"font-weight: 400;\"><br \/><\/span><span style=\"font-weight: 400;\"><br \/><\/span><span style=\"font-weight: 400;\">PIPA Broward\u2019s mission is to bring together the entire Brazilian community, as well as other Portuguese-speaking residents of Broward County, by promoting and supporting schools and educators interested in spreading bilingualism and Brazilian culture through projects and events implemented in schools and other community spaces.<\/span><span style=\"font-weight: 400;\"><br \/><\/span><\/p><p><span style=\"font-weight: 400;\">\u00a0<\/span><\/p>\t\t\t\t\t\t\t\t<\/div>\n\t\t\t\t<\/div>\n\t\t\t\t<div class=\"elementor-element elementor-element-7806388 sc_fly_static elementor-widget elementor-widget-heading\" data-id=\"7806388\" data-element_type=\"widget\" data-e-type=\"widget\" data-widget_type=\"heading.default\">\n\t\t\t\t<div class=\"elementor-widget-container\">\n\t\t\t\t\t<h2 class=\"elementor-heading-title elementor-size-default\">Our Board of Directors<\/h2>\t\t\t\t<\/div>\n\t\t\t\t<\/div>\n\t\t\t\t\t<\/div>\n\t\t<\/div>\n\t\t\t\t\t<\/div>\n\t\t<\/section>\n\t\t\t\t<section class=\"elementor-section elementor-top-section elementor-element elementor-element-8f3f3f2 elementor-section-boxed elementor-section-height-default elementor-section-height-default sc_fly_static\" data-id=\"8f3f3f2\" data-element_type=\"section\" data-e-type=\"section\" data-settings=\"{&quot;background_background&quot;:&quot;classic&quot;}\">\n\t\t\t\t\t\t<div class=\"elementor-container elementor-column-gap-extended\">\n\t\t\t\t\t<div class=\"elementor-column elementor-col-25 elementor-top-column elementor-element elementor-element-c732bac sc_inner_width_none sc_content_align_inherit sc_layouts_column_icons_position_left sc_fly_static\" data-id=\"c732bac\" data-element_type=\"column\" data-e-type=\"column\">\n\t\t\t<div class=\"elementor-widget-wrap elementor-element-populated\">\n\t\t\t\t\t\t<div class=\"elementor-element elementor-element-d57d115 elementor-widget-tablet__width-initial sc_fly_static elementor-widget elementor-widget-image\" data-id=\"d57d115\" data-element_type=\"widget\" data-e-type=\"widget\" data-widget_type=\"image.default\">\n\t\t\t\t<div class=\"elementor-widget-container\">\n\t\t\t\t\t\t\t\t\t\t\t\t\t\t\t<img fetchpriority=\"high\" decoding=\"async\" width=\"500\" height=\"520\" src=\"https:\/\/pipabroward.org\/wp-content\/uploads\/2024\/12\/P-FLAVIA.png\" class=\"attachment-full size-full wp-image-29498\" alt=\"\" srcset=\"https:\/\/pipabroward.org\/wp-content\/uploads\/2024\/12\/P-FLAVIA.png 500w, https:\/\/pipabroward.org\/wp-content\/uploads\/2024\/12\/P-FLAVIA-288x300.png 288w, https:\/\/pipabroward.org\/wp-content\/uploads\/2024\/12\/P-FLAVIA-370x385.png 370w, https:\/\/pipabroward.org\/wp-content\/uploads\/2024\/12\/P-FLAVIA-410x426.png 410w\" sizes=\"(max-width: 600px) 100vw, 500px\" \/>\t\t\t\t\t\t\t\t\t\t\t\t\t\t\t<\/div>\n\t\t\t\t<\/div>\n\t\t\t\t<div class=\"elementor-element elementor-element-900e1f7 elementor-widget-tablet__width-initial sc_fly_static elementor-widget elementor-widget-heading\" data-id=\"900e1f7\" data-element_type=\"widget\" data-e-type=\"widget\" data-widget_type=\"heading.default\">\n\t\t\t\t<div class=\"elementor-widget-container\">\n\t\t\t\t\t<h5 class=\"elementor-heading-title elementor-size-default\">Flavia Murta<\/h5>\t\t\t\t<\/div>\n\t\t\t\t<\/div>\n\t\t\t\t<div class=\"elementor-element elementor-element-be06132 elementor-widget-tablet__width-initial sc_fly_static elementor-widget elementor-widget-text-editor\" data-id=\"be06132\" data-element_type=\"widget\" data-e-type=\"widget\" data-widget_type=\"text-editor.default\">\n\t\t\t\t<div class=\"elementor-widget-container\">\n\t\t\t\t\t\t\t\t\t<p style=\"text-align: center;\">PRESIDENT<br \/>flavia@pipabroward.org<br \/><br \/><\/p>\t\t\t\t\t\t\t\t<\/div>\n\t\t\t\t<\/div>\n\t\t\t\t\t<\/div>\n\t\t<\/div>\n\t\t\t\t<div class=\"elementor-column elementor-col-25 elementor-top-column elementor-element elementor-element-7aa6647 sc_inner_width_none sc_content_align_inherit sc_layouts_column_icons_position_left sc_fly_static\" data-id=\"7aa6647\" data-element_type=\"column\" data-e-type=\"column\">\n\t\t\t<div class=\"elementor-widget-wrap elementor-element-populated\">\n\t\t\t\t\t\t<div class=\"elementor-element elementor-element-e8a98c3 elementor-widget-tablet__width-initial sc_fly_static elementor-widget elementor-widget-image\" data-id=\"e8a98c3\" data-element_type=\"widget\" data-e-type=\"widget\" data-widget_type=\"image.default\">\n\t\t\t\t<div class=\"elementor-widget-container\">\n\t\t\t\t\t\t\t\t\t\t\t\t\t\t\t<img decoding=\"async\" width=\"500\" height=\"520\" src=\"https:\/\/pipabroward.org\/wp-content\/uploads\/2024\/12\/P-GAB.png\" class=\"attachment-full size-full wp-image-29530\" alt=\"\" srcset=\"https:\/\/pipabroward.org\/wp-content\/uploads\/2024\/12\/P-GAB.png 500w, https:\/\/pipabroward.org\/wp-content\/uploads\/2024\/12\/P-GAB-288x300.png 288w, https:\/\/pipabroward.org\/wp-content\/uploads\/2024\/12\/P-GAB-370x385.png 370w, https:\/\/pipabroward.org\/wp-content\/uploads\/2024\/12\/P-GAB-410x426.png 410w\" sizes=\"(max-width: 600px) 100vw, 500px\" \/>\t\t\t\t\t\t\t\t\t\t\t\t\t\t\t<\/div>\n\t\t\t\t<\/div>\n\t\t\t\t<div class=\"elementor-element elementor-element-10da3e2 sc_fly_static elementor-widget elementor-widget-heading\" data-id=\"10da3e2\" data-element_type=\"widget\" data-e-type=\"widget\" data-widget_type=\"heading.default\">\n\t\t\t\t<div class=\"elementor-widget-container\">\n\t\t\t\t\t<h6 class=\"elementor-heading-title elementor-size-default\">Gabriela Eckersdorff<\/h6>\t\t\t\t<\/div>\n\t\t\t\t<\/div>\n\t\t\t\t<div class=\"elementor-element elementor-element-205a0b8 sc_fly_static elementor-widget elementor-widget-text-editor\" data-id=\"205a0b8\" data-element_type=\"widget\" data-e-type=\"widget\" data-widget_type=\"text-editor.default\">\n\t\t\t\t<div class=\"elementor-widget-container\">\n\t\t\t\t\t\t\t\t\t<p style=\"text-align: center;\">VICE PRESIDENT<br \/>gabriela@pipabroward.org<\/p>\t\t\t\t\t\t\t\t<\/div>\n\t\t\t\t<\/div>\n\t\t\t\t\t<\/div>\n\t\t<\/div>\n\t\t\t\t<div class=\"elementor-column elementor-col-25 elementor-top-column elementor-element elementor-element-a68fba4 sc_inner_width_none sc_content_align_inherit sc_layouts_column_icons_position_left sc_fly_static\" data-id=\"a68fba4\" data-element_type=\"column\" data-e-type=\"column\">\n\t\t\t<div class=\"elementor-widget-wrap elementor-element-populated\">\n\t\t\t\t\t\t<div class=\"elementor-element elementor-element-42be5c8 elementor-widget-tablet__width-initial sc_fly_static elementor-widget elementor-widget-image\" data-id=\"42be5c8\" data-element_type=\"widget\" data-e-type=\"widget\" data-widget_type=\"image.default\">\n\t\t\t\t<div class=\"elementor-widget-container\">\n\t\t\t\t\t\t\t\t\t\t\t\t\t\t\t<img decoding=\"async\" width=\"500\" height=\"520\" src=\"https:\/\/pipabroward.org\/wp-content\/uploads\/2024\/12\/P-MONICA.png\" class=\"attachment-full size-full wp-image-29532\" alt=\"\" srcset=\"https:\/\/pipabroward.org\/wp-content\/uploads\/2024\/12\/P-MONICA.png 500w, https:\/\/pipabroward.org\/wp-content\/uploads\/2024\/12\/P-MONICA-288x300.png 288w, https:\/\/pipabroward.org\/wp-content\/uploads\/2024\/12\/P-MONICA-370x385.png 370w, https:\/\/pipabroward.org\/wp-content\/uploads\/2024\/12\/P-MONICA-410x426.png 410w\" sizes=\"(max-width: 600px) 100vw, 500px\" \/>\t\t\t\t\t\t\t\t\t\t\t\t\t\t\t<\/div>\n\t\t\t\t<\/div>\n\t\t\t\t<div class=\"elementor-element elementor-element-6054429 sc_fly_static elementor-widget elementor-widget-heading\" data-id=\"6054429\" data-element_type=\"widget\" data-e-type=\"widget\" data-widget_type=\"heading.default\">\n\t\t\t\t<div class=\"elementor-widget-container\">\n\t\t\t\t\t<h6 class=\"elementor-heading-title elementor-size-default\">Monica Gasparetto<\/h6>\t\t\t\t<\/div>\n\t\t\t\t<\/div>\n\t\t\t\t<div class=\"elementor-element elementor-element-4b42d45 sc_fly_static elementor-widget elementor-widget-text-editor\" data-id=\"4b42d45\" data-element_type=\"widget\" data-e-type=\"widget\" data-widget_type=\"text-editor.default\">\n\t\t\t\t<div class=\"elementor-widget-container\">\n\t\t\t\t\t\t\t\t\t<p style=\"text-align: center;\">SECRETARY<br \/>monica@pipabroward.org<br \/><br \/><\/p>\t\t\t\t\t\t\t\t<\/div>\n\t\t\t\t<\/div>\n\t\t\t\t\t<\/div>\n\t\t<\/div>\n\t\t\t\t<div class=\"elementor-column elementor-col-25 elementor-top-column elementor-element elementor-element-0d88556 sc_inner_width_none sc_content_align_inherit sc_layouts_column_icons_position_left sc_fly_static\" data-id=\"0d88556\" data-element_type=\"column\" data-e-type=\"column\">\n\t\t\t<div class=\"elementor-widget-wrap elementor-element-populated\">\n\t\t\t\t\t\t<div class=\"elementor-element elementor-element-d2d8f8a elementor-widget-tablet__width-initial sc_fly_static elementor-widget elementor-widget-image\" data-id=\"d2d8f8a\" data-element_type=\"widget\" data-e-type=\"widget\" data-widget_type=\"image.default\">\n\t\t\t\t<div class=\"elementor-widget-container\">\n\t\t\t\t\t\t\t\t\t\t\t\t\t\t\t<img loading=\"lazy\" decoding=\"async\" width=\"500\" height=\"520\" src=\"https:\/\/pipabroward.org\/wp-content\/uploads\/2024\/12\/P-GISELE.png\" class=\"attachment-full size-full wp-image-29533\" alt=\"\" srcset=\"https:\/\/pipabroward.org\/wp-content\/uploads\/2024\/12\/P-GISELE.png 500w, https:\/\/pipabroward.org\/wp-content\/uploads\/2024\/12\/P-GISELE-288x300.png 288w, https:\/\/pipabroward.org\/wp-content\/uploads\/2024\/12\/P-GISELE-370x385.png 370w, https:\/\/pipabroward.org\/wp-content\/uploads\/2024\/12\/P-GISELE-410x426.png 410w\" sizes=\"(max-width: 600px) 100vw, 500px\" \/>\t\t\t\t\t\t\t\t\t\t\t\t\t\t\t<\/div>\n\t\t\t\t<\/div>\n\t\t\t\t<div class=\"elementor-element elementor-element-3807952 sc_fly_static elementor-widget elementor-widget-heading\" data-id=\"3807952\" data-element_type=\"widget\" data-e-type=\"widget\" data-widget_type=\"heading.default\">\n\t\t\t\t<div class=\"elementor-widget-container\">\n\t\t\t\t\t<h6 class=\"elementor-heading-title elementor-size-default\">Gisele Faria<\/h6>\t\t\t\t<\/div>\n\t\t\t\t<\/div>\n\t\t\t\t<div class=\"elementor-element elementor-element-8a2b1c2 sc_fly_static elementor-widget elementor-widget-text-editor\" data-id=\"8a2b1c2\" data-element_type=\"widget\" data-e-type=\"widget\" data-widget_type=\"text-editor.default\">\n\t\t\t\t<div class=\"elementor-widget-container\">\n\t\t\t\t\t\t\t\t\t<p style=\"text-align: center;\">OFFICER<br \/>gisele@pipabroward.org<br \/><br \/><\/p>\t\t\t\t\t\t\t\t<\/div>\n\t\t\t\t<\/div>\n\t\t\t\t\t<\/div>\n\t\t<\/div>\n\t\t\t\t\t<\/div>\n\t\t<\/section>\n\t\t\t\t<section class=\"elementor-section elementor-top-section elementor-element elementor-element-9b689f6 elementor-section-boxed elementor-section-height-default elementor-section-height-default sc_fly_static\" data-id=\"9b689f6\" data-element_type=\"section\" data-e-type=\"section\">\n\t\t\t\t\t\t<div class=\"elementor-container elementor-column-gap-extended\">\n\t\t\t\t\t<div class=\"elementor-column elementor-col-100 elementor-top-column elementor-element elementor-element-d699623 sc_inner_width_none sc_content_align_inherit sc_layouts_column_icons_position_left sc_fly_static\" data-id=\"d699623\" data-element_type=\"column\" data-e-type=\"column\">\n\t\t\t<div class=\"elementor-widget-wrap elementor-element-populated\">\n\t\t\t\t\t\t<div class=\"elementor-element elementor-element-e8aaa26 sc_fly_static elementor-widget elementor-widget-spacer\" data-id=\"e8aaa26\" data-element_type=\"widget\" data-e-type=\"widget\" data-widget_type=\"spacer.default\">\n\t\t\t\t<div class=\"elementor-widget-container\">\n\t\t\t\t\t\t\t<div class=\"elementor-spacer\">\n\t\t\t<div class=\"elementor-spacer-inner\"><\/div>\n\t\t<\/div>\n\t\t\t\t\t\t<\/div>\n\t\t\t\t<\/div>\n\t\t\t\t\t<\/div>\n\t\t<\/div>\n\t\t\t\t\t<\/div>\n\t\t<\/section>\n\t\t\t\t<\/div>","protected":false},"excerpt":{"rendered":"<p>Quem Somos A PIPA Broward \u00e9 uma organiza\u00e7\u00e3o sem fins lucrativos, apartid\u00e1ria e n\u00e3o governamental que surgiu na esteira da PIPA Ada Merrit, uma institui\u00e7\u00e3o criada em 2009 por pais&hellip;<\/p>","protected":false},"author":1,"featured_media":0,"parent":0,"menu_order":0,"comment_status":"closed","ping_status":"closed","template":"","meta":{"give_campaign_id":0,"_joinchat":[],"footnotes":""},"class_list":["post-18622","page","type-page","status-publish","hentry"],"yoast_head":"<!-- This site is optimized with the Yoast SEO plugin v26.3 - https:\/\/yoast.com\/wordpress\/plugins\/seo\/ -->\n<title>Quem Somos - PIPA BROWARD<\/title>\n<meta name=\"robots\" content=\"index, follow, max-snippet:-1, max-image-preview:large, max-video-preview:-1\" \/>\n<link rel=\"canonical\" href=\"https:\/\/pipabroward.org\/en\/quem-somos\/\" \/>\n<meta property=\"og:locale\" content=\"en_US\" \/>\n<meta property=\"og:type\" content=\"article\" \/>\n<meta property=\"og:title\" content=\"Quem Somos - PIPA BROWARD\" \/>\n<meta property=\"og:description\" content=\"Quem Somos A PIPA Broward \u00e9 uma organiza\u00e7\u00e3o sem fins lucrativos, apartid\u00e1ria e n\u00e3o governamental que surgiu na esteira da PIPA Ada Merrit, uma institui\u00e7\u00e3o criada em 2009 por pais&hellip;\" \/>\n<meta property=\"og:url\" content=\"https:\/\/pipabroward.org\/en\/quem-somos\/\" \/>\n<meta property=\"og:site_name\" content=\"PIPA BROWARD\" \/>\n<meta property=\"article:modified_time\" content=\"2026-03-03T21:09:40+00:00\" \/>\n<meta property=\"og:image\" content=\"https:\/\/pipabroward.org\/wp-content\/uploads\/2024\/12\/P-FLAVIA.png\" \/>\n\t<meta property=\"og:image:width\" content=\"500\" \/>\n\t<meta property=\"og:image:height\" content=\"520\" \/>\n\t<meta property=\"og:image:type\" content=\"image\/png\" \/>\n<meta name=\"twitter:card\" content=\"summary_large_image\" \/>\n<meta name=\"twitter:label1\" content=\"Est. reading time\" \/>\n\t<meta name=\"twitter:data1\" content=\"2 minutes\" \/>\n<script type=\"application\/ld+json\" class=\"yoast-schema-graph\">{\"@context\":\"https:\/\/schema.org\",\"@graph\":[{\"@type\":\"WebPage\",\"@id\":\"https:\/\/pipabroward.org\/quem-somos\/\",\"url\":\"https:\/\/pipabroward.org\/quem-somos\/\",\"name\":\"Quem Somos - PIPA BROWARD\",\"isPartOf\":{\"@id\":\"https:\/\/pipabroward.org\/#website\"},\"primaryImageOfPage\":{\"@id\":\"https:\/\/pipabroward.org\/quem-somos\/#primaryimage\"},\"image\":{\"@id\":\"https:\/\/pipabroward.org\/quem-somos\/#primaryimage\"},\"thumbnailUrl\":\"https:\/\/pipabroward.org\/wp-content\/uploads\/2024\/12\/P-FLAVIA.png\",\"datePublished\":\"2023-08-07T16:11:56+00:00\",\"dateModified\":\"2026-03-03T21:09:40+00:00\",\"breadcrumb\":{\"@id\":\"https:\/\/pipabroward.org\/quem-somos\/#breadcrumb\"},\"inLanguage\":\"en-US\",\"potentialAction\":[{\"@type\":\"ReadAction\",\"target\":[\"https:\/\/pipabroward.org\/quem-somos\/\"]}]},{\"@type\":\"ImageObject\",\"inLanguage\":\"en-US\",\"@id\":\"https:\/\/pipabroward.org\/quem-somos\/#primaryimage\",\"url\":\"https:\/\/pipabroward.org\/wp-content\/uploads\/2024\/12\/P-FLAVIA.png\",\"contentUrl\":\"https:\/\/pipabroward.org\/wp-content\/uploads\/2024\/12\/P-FLAVIA.png\"},{\"@type\":\"BreadcrumbList\",\"@id\":\"https:\/\/pipabroward.org\/quem-somos\/#breadcrumb\",\"itemListElement\":[{\"@type\":\"ListItem\",\"position\":1,\"name\":\"In\u00edcio\",\"item\":\"https:\/\/pipabroward.org\/\"},{\"@type\":\"ListItem\",\"position\":2,\"name\":\"Quem Somos\"}]},{\"@type\":\"WebSite\",\"@id\":\"https:\/\/pipabroward.org\/#website\",\"url\":\"https:\/\/pipabroward.org\/\",\"name\":\"PIPA BROWARD\",\"description\":\"Promovendo o bilinguismo e a cultura brasileira em Broward\",\"publisher\":{\"@id\":\"https:\/\/pipabroward.org\/#organization\"},\"potentialAction\":[{\"@type\":\"SearchAction\",\"target\":{\"@type\":\"EntryPoint\",\"urlTemplate\":\"https:\/\/pipabroward.org\/?s={search_term_string}\"},\"query-input\":{\"@type\":\"PropertyValueSpecification\",\"valueRequired\":true,\"valueName\":\"search_term_string\"}}],\"inLanguage\":\"en-US\"},{\"@type\":\"Organization\",\"@id\":\"https:\/\/pipabroward.org\/#organization\",\"name\":\"PIPA BROWARD\",\"url\":\"https:\/\/pipabroward.org\/\",\"logo\":{\"@type\":\"ImageObject\",\"inLanguage\":\"en-US\",\"@id\":\"https:\/\/pipabroward.org\/#\/schema\/logo\/image\/\",\"url\":\"https:\/\/pipabroward.org\/wp-content\/uploads\/2024\/09\/pipa.png\",\"contentUrl\":\"https:\/\/pipabroward.org\/wp-content\/uploads\/2024\/09\/pipa.png\",\"width\":1131,\"height\":339,\"caption\":\"PIPA BROWARD\"},\"image\":{\"@id\":\"https:\/\/pipabroward.org\/#\/schema\/logo\/image\/\"},\"sameAs\":[\"https:\/\/www.instagram.com\/pipa_broward\/\"]}]}<\/script>\n<!-- \/ Yoast SEO plugin. -->","yoast_head_json":{"title":"Quem Somos - PIPA BROWARD","robots":{"index":"index","follow":"follow","max-snippet":"max-snippet:-1","max-image-preview":"max-image-preview:large","max-video-preview":"max-video-preview:-1"},"canonical":"https:\/\/pipabroward.org\/en\/quem-somos\/","og_locale":"en_US","og_type":"article","og_title":"Quem Somos - PIPA BROWARD","og_description":"Quem Somos A PIPA Broward \u00e9 uma organiza\u00e7\u00e3o sem fins lucrativos, apartid\u00e1ria e n\u00e3o governamental que surgiu na esteira da PIPA Ada Merrit, uma institui\u00e7\u00e3o criada em 2009 por pais&hellip;","og_url":"https:\/\/pipabroward.org\/en\/quem-somos\/","og_site_name":"PIPA BROWARD","article_modified_time":"2026-03-03T21:09:40+00:00","og_image":[{"width":500,"height":520,"url":"https:\/\/pipabroward.org\/wp-content\/uploads\/2024\/12\/P-FLAVIA.png","type":"image\/png"}],"twitter_card":"summary_large_image","twitter_misc":{"Est. reading time":"2 minutes"},"schema":{"@context":"https:\/\/schema.org","@graph":[{"@type":"WebPage","@id":"https:\/\/pipabroward.org\/quem-somos\/","url":"https:\/\/pipabroward.org\/quem-somos\/","name":"Quem Somos - PIPA BROWARD","isPartOf":{"@id":"https:\/\/pipabroward.org\/#website"},"primaryImageOfPage":{"@id":"https:\/\/pipabroward.org\/quem-somos\/#primaryimage"},"image":{"@id":"https:\/\/pipabroward.org\/quem-somos\/#primaryimage"},"thumbnailUrl":"https:\/\/pipabroward.org\/wp-content\/uploads\/2024\/12\/P-FLAVIA.png","datePublished":"2023-08-07T16:11:56+00:00","dateModified":"2026-03-03T21:09:40+00:00","breadcrumb":{"@id":"https:\/\/pipabroward.org\/quem-somos\/#breadcrumb"},"inLanguage":"en-US","potentialAction":[{"@type":"ReadAction","target":["https:\/\/pipabroward.org\/quem-somos\/"]}]},{"@type":"ImageObject","inLanguage":"en-US","@id":"https:\/\/pipabroward.org\/quem-somos\/#primaryimage","url":"https:\/\/pipabroward.org\/wp-content\/uploads\/2024\/12\/P-FLAVIA.png","contentUrl":"https:\/\/pipabroward.org\/wp-content\/uploads\/2024\/12\/P-FLAVIA.png"},{"@type":"BreadcrumbList","@id":"https:\/\/pipabroward.org\/quem-somos\/#breadcrumb","itemListElement":[{"@type":"ListItem","position":1,"name":"In\u00edcio","item":"https:\/\/pipabroward.org\/"},{"@type":"ListItem","position":2,"name":"Quem Somos"}]},{"@type":"WebSite","@id":"https:\/\/pipabroward.org\/#website","url":"https:\/\/pipabroward.org\/","name":"PIPA BROWARD","description":"Promovendo o bilinguismo e a cultura brasileira em Broward","publisher":{"@id":"https:\/\/pipabroward.org\/#organization"},"potentialAction":[{"@type":"SearchAction","target":{"@type":"EntryPoint","urlTemplate":"https:\/\/pipabroward.org\/?s={search_term_string}"},"query-input":{"@type":"PropertyValueSpecification","valueRequired":true,"valueName":"search_term_string"}}],"inLanguage":"en-US"},{"@type":"Organization","@id":"https:\/\/pipabroward.org\/#organization","name":"PIPA BROWARD","url":"https:\/\/pipabroward.org\/","logo":{"@type":"ImageObject","inLanguage":"en-US","@id":"https:\/\/pipabroward.org\/#\/schema\/logo\/image\/","url":"https:\/\/pipabroward.org\/wp-content\/uploads\/2024\/09\/pipa.png","contentUrl":"https:\/\/pipabroward.org\/wp-content\/uploads\/2024\/09\/pipa.png","width":1131,"height":339,"caption":"PIPA BROWARD"},"image":{"@id":"https:\/\/pipabroward.org\/#\/schema\/logo\/image\/"},"sameAs":["https:\/\/www.instagram.com\/pipa_broward\/"]}]}},"campaignId":"","_links":{"self":[{"href":"https:\/\/pipabroward.org\/en\/wp-json\/wp\/v2\/pages\/18622","targetHints":{"allow":["GET"]}}],"collection":[{"href":"https:\/\/pipabroward.org\/en\/wp-json\/wp\/v2\/pages"}],"about":[{"href":"https:\/\/pipabroward.org\/en\/wp-json\/wp\/v2\/types\/page"}],"author":[{"embeddable":true,"href":"https:\/\/pipabroward.org\/en\/wp-json\/wp\/v2\/users\/1"}],"replies":[{"embeddable":true,"href":"https:\/\/pipabroward.org\/en\/wp-json\/wp\/v2\/comments?post=18622"}],"version-history":[{"count":178,"href":"https:\/\/pipabroward.org\/en\/wp-json\/wp\/v2\/pages\/18622\/revisions"}],"predecessor-version":[{"id":30579,"href":"https:\/\/pipabroward.org\/en\/wp-json\/wp\/v2\/pages\/18622\/revisions\/30579"}],"wp:attachment":[{"href":"https:\/\/pipabroward.org\/en\/wp-json\/wp\/v2\/media?parent=18622"}],"curies":[{"name":"wp","href":"https:\/\/api.w.org\/{rel}","templated":true}]}}